{"id":2,"date":"2023-12-01T20:41:05","date_gmt":"2023-12-01T20:41:05","guid":{"rendered":"https:\/\/ariet.rs\/?page_id=2"},"modified":"2024-02-15T13:25:17","modified_gmt":"2024-02-15T13:25:17","slug":"sample-page","status":"publish","type":"page","link":"https:\/\/ariet.rs\/","title":{"rendered":"Po\u010detna"},"content":{"rendered":"\n<h3 class=\"wp-block-heading has-text-align-center has-text-color has-link-color has-large-font-size wp-elements-445608e0fc5536c50bfede3f110328a9\" style=\"color:#023c99;font-style:normal;font-weight:700\">Dobrodo\u0161li na na\u0161 sajt!<\/h3>\n\n\n\n<div class=\"wp-block-cover aligncenter has-parallax is-repeated\" style=\"min-height:151px;aspect-ratio:unset;\"><span aria-hidden=\"true\" class=\"wp-block-cover__background has-background-dim-0 has-background-dim\"><\/span><div role=\"img\" class=\"wp-block-cover__image-background wp-image-77 has-parallax is-repeated\" style=\"background-position:50% 50%;background-image:url(https:\/\/ariet.rs\/wp-content\/uploads\/2024\/02\/Ariet-logo-FINAL-06.svg)\"><\/div><div class=\"wp-block-cover__inner-container is-layout-flow wp-block-cover-is-layout-flow\">\n<p class=\"has-text-align-center has-large-font-size\"><\/p>\n<\/div><\/div>\n\n\n\n<p><\/p>\n\n\n\n<p>Mi smo preduze\u0107e koje se isti\u010de visokim standardima kvaliteta i profesionalizma u svim ograncima na\u0161eg poslovanja. <\/p>\n\n\n\n<p>Nudimo \u0161irok spektar usluga u oblastima ma\u0161inskog konstruisanja, pripreme za rad novih i odr\u017eavanja postoje\u0107ih objekata, branding, web i logo dizajna, kao i konsultantske usluge.<\/p>\n\n\n\n<p>Na\u0161 tim je spreman da odgovori na sve va\u0161e zahteve i pru\u017ei vam re\u0161enja koja su prilago\u0111ena va\u0161im potrebama. Bez obzira na veli\u010dinu ili slo\u017eenost projekta, mo\u017eete se osloniti na nas da vam pru\u017eimo izuzetnu uslugu i rezultate koji prevazilaze o\u010dekivanja.<\/p>\n\n\n\n<p>Za vi\u0161e informacija o na\u0161im uslugama, projektnim referencama ili ukoliko imate dodatna pitanja, slobodno nas kontaktirajte. Radujemo se \u0161to \u0107emo biti deo va\u0161eg putovanja i \u0161to \u0107emo vam pomo\u0107i da ostvarite va\u0161e ciljeve.<\/p>\n\n\n\n<p class=\"has-text-align-center\">Va\u0161 Ariet Construction d.o.o.<\/p>\n","protected":false},"excerpt":{"rendered":"<p>Dobrodo\u0161li na na\u0161 sajt! Mi smo preduze\u0107e koje se isti\u010de visokim standardima kvaliteta i profesionalizma u svim ograncima na\u0161eg poslovanja. Nudimo \u0161irok [&hellip;]<\/p>\n","protected":false},"author":1,"featured_media":0,"parent":0,"menu_order":0,"comment_status":"closed","ping_status":"open","template":"","meta":{"footnotes":""},"class_list":["post-2","page","type-page","status-publish","hentry"],"_links":{"self":[{"href":"https:\/\/ariet.rs\/index.php\/wp-json\/wp\/v2\/pages\/2","targetHints":{"allow":["GET"]}}],"collection":[{"href":"https:\/\/ariet.rs\/index.php\/wp-json\/wp\/v2\/pages"}],"about":[{"href":"https:\/\/ariet.rs\/index.php\/wp-json\/wp\/v2\/types\/page"}],"author":[{"embeddable":true,"href":"https:\/\/ariet.rs\/index.php\/wp-json\/wp\/v2\/users\/1"}],"replies":[{"embeddable":true,"href":"https:\/\/ariet.rs\/index.php\/wp-json\/wp\/v2\/comments?post=2"}],"version-history":[{"count":14,"href":"https:\/\/ariet.rs\/index.php\/wp-json\/wp\/v2\/pages\/2\/revisions"}],"predecessor-version":[{"id":88,"href":"https:\/\/ariet.rs\/index.php\/wp-json\/wp\/v2\/pages\/2\/revisions\/88"}],"wp:attachment":[{"href":"https:\/\/ariet.rs\/index.php\/wp-json\/wp\/v2\/media?parent=2"}],"curies":[{"name":"wp","href":"https:\/\/api.w.org\/{rel}","templated":true}]}}